{"id":19701,"date":"2023-10-27T11:21:49","date_gmt":"2023-10-27T09:21:49","guid":{"rendered":"https:\/\/polvamaa.metsauhistu.ee\/?page_id=19701"},"modified":"2025-12-19T08:17:43","modified_gmt":"2025-12-19T06:17:43","slug":"home-page","status":"publish","type":"page","link":"https:\/\/polvamaa.metsauhistu.ee\/en\/","title":{"rendered":"Home page"},"content":{"rendered":"\n<div style=\"height:36px\" aria-hidden=\"true\" class=\"wp-block-spacer\"><\/div>\n\n\n\n<h2 class=\"wp-block-heading has-text-align-center\">We are always there for you and your forest<\/h2>\n\n\n\n<p class=\"has-text-align-center\"><br>Forest Owners\u2019 Associations are set up by forest owners to help you find answers. We support better management of private forests \u2013 our employees will keep an eye on your forest, inform you about opportunities to apply for subsidies, help you organise your forest work, and take care of all the paperwork. We know the laws and we follow them. Together we are better stewards.<\/p>\n\n\n\n<div style=\"height:36px\" aria-hidden=\"true\" class=\"wp-block-spacer\"><\/div>\n\n\n\n<div class=\"wp-block-columns fourblocks is-layout-flex wp-container-core-columns-is-layout-1 wp-block-columns-is-layout-flex\">\n<div class=\"wp-block-column is-layout-flow wp-block-column-is-layout-flow\">\n<figure class=\"wp-block-image size-thumbnail is-resized\"><img decoding=\"async\" src=\"http:\/\/metsauhistu.ee\/wp-content\/uploads\/2020\/06\/mark1.svg\" alt=\"\" class=\"wp-image-18358\" style=\"width:50px;height:50px\"\/><\/figure>\n\n\n\n<h4 class=\"wp-block-heading\">ORGANISATION<\/h4>\n\n\n\n<p>Advisory services<br>Workshops<br>Forest Management Plan<br>Forest subsidies<\/p>\n<\/div>\n\n\n\n<div class=\"wp-block-column is-layout-flow wp-block-column-is-layout-flow\">\n<figure class=\"wp-block-image size-large is-resized\"><img decoding=\"async\" src=\"http:\/\/metsauhistu.ee\/wp-content\/uploads\/2020\/06\/mark2.svg\" alt=\"\" class=\"wp-image-18359\" style=\"width:50px;height:50px\"\/><\/figure>\n\n\n\n<h4 class=\"wp-block-heading\">USE<\/h4>\n\n\n\n<p>Harvesting and timber sales<br>Harvesting right auctions<br>Forest property auctions<\/p>\n<\/div>\n\n\n\n<div class=\"wp-block-column is-layout-flow wp-block-column-is-layout-flow\">\n<figure class=\"wp-block-image size-large is-resized\"><img decoding=\"async\" src=\"http:\/\/metsauhistu.ee\/wp-content\/uploads\/2020\/06\/mark3.svg\" alt=\"\" class=\"wp-image-18360\" style=\"width:50px;height:50px\"\/><\/figure>\n\n\n\n<h4 class=\"wp-block-heading\">REFORESTATION<\/h4>\n\n\n\n<p>Reforestation<br>Soil preparation<br>Planting material<br>Forest maintenance<\/p>\n<\/div>\n\n\n\n<div class=\"wp-block-column is-layout-flow wp-block-column-is-layout-flow\">\n<figure class=\"wp-block-image size-large is-resized\"><img decoding=\"async\" src=\"http:\/\/metsauhistu.ee\/wp-content\/uploads\/2020\/06\/mark4.svg\" alt=\"\" class=\"wp-image-18361\" style=\"width:50px;height:50px\"\/><\/figure>\n\n\n\n<h4 class=\"wp-block-heading\">PROTECTION<\/h4>\n\n\n\n<p>Forest protection<br>Legal services<br>Participation in policy-making<\/p>\n<\/div>\n<\/div>\n\n\n\n<div class=\"wp-block-buttons text-center is-layout-flex wp-block-buttons-is-layout-flex\">\n<div class=\"wp-block-button\"><a class=\"wp-block-button__link has-white-color has-brand-secondary-background-color has-text-color has-background wp-element-button\" href=\"https:\/\/polvamaa.metsauhistu.ee\/en\/services\/\">See our services<\/a><\/div>\n<\/div>\n\n\n\n<div style=\"height:36px\" aria-hidden=\"true\" class=\"wp-block-spacer\"><\/div>\n\n\n<div id=\"counter-block_54c7df3e9fd3f84690b62e2981a8230f\"\n     class=\"countr alignfull\">\n\n\n\t            <div class=\"d-flex inner\">\n\n\t\t\t\t                    <div class=\"item\">\n\n\t\t\t\t\t\t\n                            <div class=\"number counter\">\n\t\t\t\t\t\t\t\t24                            <\/div>\n\t\t\t\t\t\t\t\t\t\t\t\t                            <div class=\"tekst\">\n\t\t\t\t\t\t\t\tYEARS OF EXPERIENCE                            <\/div>\n\t\t\t\t\t\t                    <\/div>\n\t\t\t\t                    <div class=\"item\">\n\n\t\t\t\t\t\t\n                            <div class=\"number counter\">\n\t\t\t\t\t\t\t\t1,387                            <\/div>\n\t\t\t\t\t\t\t\t\t\t\t\t                            <div class=\"tekst\">\n\t\t\t\t\t\t\t\tMEMBERS                            <\/div>\n\t\t\t\t\t\t                    <\/div>\n\t\t\t\t                    <div class=\"item\">\n\n\t\t\t\t\t\t\n                            <div class=\"number counter\">\n\t\t\t\t\t\t\t\t37,166                            <\/div>\n\t\t\t\t\t\t\t\t\t\t\t\t                            <div class=\"tekst\">\n\t\t\t\t\t\t\t\tHECTARES OF FOREST                            <\/div>\n\t\t\t\t\t\t                    <\/div>\n\t\t\t\t            <\/div>\n\t\t\n\n<\/div>\n\n<script>\n\n    jQuery('.counter').counterUp({\n        delay: 10,\n        time: 1000,\n        formatter: function (n) {\n            return n.replace(\/,\/g, ' ');\n        }\n    });\n<\/script>\n\n\n\n<div class=\"wp-block-cover alignfull is-light no-mt\"><span aria-hidden=\"true\" class=\"wp-block-cover__background has-background-dim-0 has-background-dim\"><\/span><img decoding=\"async\" class=\"wp-block-cover__image-background wp-image-18332\" alt=\"\" src=\"http:\/\/metsauhistu.ee\/wp-content\/uploads\/2020\/06\/esi.jpg\" data-object-fit=\"cover\"\/><div class=\"wp-block-cover__inner-container is-layout-flow wp-block-cover-is-layout-flow\">\n<h2 class=\"wp-block-heading has-text-align-center has-white-color has-text-color\"><strong>Join P\u00f5lvamaa Metsa\u00fchistu<\/strong>!<\/h2>\n\n\n\n<p class=\"has-text-align-center has-white-color has-text-color\">P\u00f5lvamaa Metsa\u00fchistu operates under Metsa\u00fchistu brand, following a common set of principles and standards.<br>Together, we can help you take the best care of your forest. Join us, and together we will be better stewards of your forest.<\/p>\n\n\n\n<p class=\"has-text-align-center has-white-color has-text-color\"><a href=\"https:\/\/polvamaa.metsauhistu.ee\/en\/why-join-metsauhistu\/\"><strong><span style=\"text-decoration: underline;\">7 reasons why You should join Metsa\u00fchistu<\/span><\/strong><\/a><\/p>\n\n\n\n<br><div class=\"wp-block-button text-center\"><a href=\"\/en\/about-us\/\" class=\"wp-block-button__link has-text-color has-white-color has-background has-brand-primary-background-color\">Fill in the application<\/a><\/div>\n\n\n\n<p><\/p>\n<\/div><\/div>\n\n\n\n<div style=\"height:40px\" aria-hidden=\"true\" class=\"wp-block-spacer\"><\/div>\n\n\n\n<div class=\"wp-block-group text-left-img-right-minus kevadine\"><div class=\"wp-block-group__inner-container is-layout-flow wp-block-group-is-layout-flow\">\n<div class=\"wp-block-columns is-layout-flex wp-container-core-columns-is-layout-2 wp-block-columns-is-layout-flex\">\n<div class=\"wp-block-column is-vertically-aligned-center is-layout-flow wp-block-column-is-layout-flow\">\n<div class=\"wp-block-group\"><div class=\"wp-block-group__inner-container is-layout-flow wp-block-group-is-layout-flow\">\n<h2 class=\"wp-block-heading\">Forestry calender<\/h2>\n\n\n\n<div style=\"height:20px\" aria-hidden=\"true\" class=\"wp-block-spacer\"><\/div>\n\n\n\n<div class=\"aastaringitutvustus\">\n    <div class=\"inner\">\n\n        \n\t\t\t\t\t\n\n            <div class=\"right-side\">\n                <div class=\"inn\">\n\t\t\t\t\t\n\n\t\t\t\t\t\n\n\t\t\t\t\t\n\n\t\t\t\t\t                                <div class=\"sisu\">\n\t\t\t\t\t\t\t\t\t<h4 class=\"has-brand-primary-color has-text-color\">APRIL-MAY<\/h4>\n<p>It&#8217;s the time of spring reforestation.\u00a0But if you are planning to plant this autumn, now is the time to order soil preparation from Metsa\u00fchistu and think about what seedlings you may need and in what quantities.<\/p>\n                                <\/div>\n\t\t\t\t\t\t\t\n\n\t\t\t\t\t\n\n\t\t\t\t\t\n\n\t\t\t\t\t\n\n\t\t\t\t\t\n\n\t\t\t\t\t\n\n\t\t\t\t\t\n\n\t\t\t\t\t\n\n\t\t\t\t\t\n\n\t\t\t\t\t                <\/div>\n            <\/div>\n\n\t\t\n    <\/div>\n<\/div>\n\n\n\n<\/div><\/div>\n\n\n\n<div class=\"wp-block-buttons is-layout-flex wp-block-buttons-is-layout-flex\">\n<div class=\"wp-block-button\"><a class=\"wp-block-button__link has-white-color has-brand-secondary-background-color has-text-color has-background wp-element-button\" href=\"https:\/\/polvamaa.metsauhistu.ee\/en\/calendar-of-forestry-activities\/\">See forestry calendar<\/a><\/div>\n<\/div>\n<\/div>\n\n\n\n<div class=\"wp-block-column right-side is-layout-flow wp-block-column-is-layout-flow\">\n<figure class=\"wp-block-image size-large\"><img loading=\"lazy\" decoding=\"async\" width=\"700\" height=\"500\" src=\"http:\/\/polvamaa.metsauhistu.ee\/wp-content\/uploads\/sites\/3\/2020\/07\/metsatoode-kalender-metsauhistu-700x500-1.jpg\" alt=\"Metsat\u00f6\u00f6de kalender. Metsa\u00fchistu\" class=\"wp-image-14656\" srcset=\"https:\/\/polvamaa.metsauhistu.ee\/wp-content\/uploads\/sites\/3\/2020\/07\/metsatoode-kalender-metsauhistu-700x500-1.jpg 700w, https:\/\/polvamaa.metsauhistu.ee\/wp-content\/uploads\/sites\/3\/2020\/07\/metsatoode-kalender-metsauhistu-700x500-1-300x214.jpg 300w\" sizes=\"(max-width: 700px) 100vw, 700px\" \/><\/figure>\n\n\n\n<p><\/p>\n<\/div>\n<\/div>\n<\/div><\/div>\n\n\n\n<div style=\"height:20px\" aria-hidden=\"true\" class=\"wp-block-spacer\"><\/div>\n","protected":false},"excerpt":{"rendered":"<p>We are always there for you and your forest Forest Owners\u2019 Associations are set up by forest owners to help you find answers. We support better management of private forests \u2013 our employees will keep an eye on your forest, inform you about opportunities to apply for subsidies, help you organise your forest work, and &hellip; <a href=\"https:\/\/polvamaa.metsauhistu.ee\/en\/\">J\u00e4tkub<\/a><\/p>\n","protected":false},"author":3,"featured_media":0,"parent":0,"menu_order":89,"comment_status":"closed","ping_status":"closed","template":"home.php","meta":{"inline_featured_image":false,"_lmt_disableupdate":"","_lmt_disable":"","_themeisle_gutenberg_block_has_review":false,"footnotes":""},"class_list":["post-19701","page","type-page","status-publish","hentry"],"acf":{"post_custom_id":"","image":false,"peida_otsingus":false},"yoast_head":"<!-- This site is optimized with the Yoast SEO plugin v23.3 - https:\/\/yoast.com\/wordpress\/plugins\/seo\/ -->\n<title>Home page - P\u00f5lvamaa Metsa\u00fchistu<\/title>\n<meta name=\"robots\" content=\"index, follow, max-snippet:-1, max-image-preview:large, max-video-preview:-1\" \/>\n<link rel=\"canonical\" href=\"https:\/\/polvamaa.metsauhistu.ee\/en\/\" \/>\n<meta property=\"og:locale\" content=\"en_US\" \/>\n<meta property=\"og:type\" content=\"article\" \/>\n<meta property=\"og:title\" content=\"Home page - P\u00f5lvamaa Metsa\u00fchistu\" \/>\n<meta property=\"og:description\" content=\"We are always there for you and your forest Forest Owners\u2019 Associations are set up by forest owners to help you find answers. We support better management of private forests \u2013 our employees will keep an eye on your forest, inform you about opportunities to apply for subsidies, help you organise your forest work, and &hellip; J\u00e4tkub\" \/>\n<meta property=\"og:url\" content=\"https:\/\/polvamaa.metsauhistu.ee\/en\/\" \/>\n<meta property=\"og:site_name\" content=\"P\u00f5lvamaa Metsa\u00fchistu\" \/>\n<meta property=\"article:publisher\" content=\"https:\/\/www.facebook.com\/polvamaa.metsauhistu\" \/>\n<meta property=\"article:modified_time\" content=\"2025-12-19T06:17:43+00:00\" \/>\n<meta property=\"og:image\" content=\"http:\/\/metsauhistu.ee\/wp-content\/uploads\/2020\/06\/mark1.svg\" \/>\n<meta name=\"twitter:card\" content=\"summary_large_image\" \/>\n<meta name=\"twitter:label1\" content=\"Est. reading time\" \/>\n\t<meta name=\"twitter:data1\" content=\"3 minutes\" \/>\n<script type=\"application\/ld+json\" class=\"yoast-schema-graph\">{\"@context\":\"https:\/\/schema.org\",\"@graph\":[{\"@type\":\"WebPage\",\"@id\":\"https:\/\/polvamaa.metsauhistu.ee\/en\/\",\"url\":\"https:\/\/polvamaa.metsauhistu.ee\/en\/\",\"name\":\"Home page - P\u00f5lvamaa Metsa\u00fchistu\",\"isPartOf\":{\"@id\":\"https:\/\/polvamaa.metsauhistu.ee\/en\/#website\"},\"primaryImageOfPage\":{\"@id\":\"https:\/\/polvamaa.metsauhistu.ee\/en\/#primaryimage\"},\"image\":{\"@id\":\"https:\/\/polvamaa.metsauhistu.ee\/en\/#primaryimage\"},\"thumbnailUrl\":\"http:\/\/metsauhistu.ee\/wp-content\/uploads\/2020\/06\/mark1.svg\",\"datePublished\":\"2023-10-27T09:21:49+00:00\",\"dateModified\":\"2025-12-19T06:17:43+00:00\",\"breadcrumb\":{\"@id\":\"https:\/\/polvamaa.metsauhistu.ee\/en\/#breadcrumb\"},\"inLanguage\":\"en-US\",\"potentialAction\":[{\"@type\":\"ReadAction\",\"target\":[\"https:\/\/polvamaa.metsauhistu.ee\/en\/\"]}]},{\"@type\":\"ImageObject\",\"inLanguage\":\"en-US\",\"@id\":\"https:\/\/polvamaa.metsauhistu.ee\/en\/#primaryimage\",\"url\":\"http:\/\/metsauhistu.ee\/wp-content\/uploads\/2020\/06\/mark1.svg\",\"contentUrl\":\"http:\/\/metsauhistu.ee\/wp-content\/uploads\/2020\/06\/mark1.svg\"},{\"@type\":\"BreadcrumbList\",\"@id\":\"https:\/\/polvamaa.metsauhistu.ee\/en\/#breadcrumb\",\"itemListElement\":[{\"@type\":\"ListItem\",\"position\":1,\"name\":\"Home\",\"item\":\"https:\/\/polvamaa.metsauhistu.ee\/en\/\"},{\"@type\":\"ListItem\",\"position\":2,\"name\":\"Home page\"}]},{\"@type\":\"WebSite\",\"@id\":\"https:\/\/polvamaa.metsauhistu.ee\/en\/#website\",\"url\":\"https:\/\/polvamaa.metsauhistu.ee\/en\/\",\"name\":\"P\u00f5lvamaa Metsa\u00fchistu\",\"description\":\"Majandame metsa \u00fcheskoos vastutustundlikult\",\"publisher\":{\"@id\":\"https:\/\/polvamaa.metsauhistu.ee\/en\/#organization\"},\"potentialAction\":[{\"@type\":\"SearchAction\",\"target\":{\"@type\":\"EntryPoint\",\"urlTemplate\":\"https:\/\/polvamaa.metsauhistu.ee\/en\/?s={search_term_string}\"},\"query-input\":\"required name=search_term_string\"}],\"inLanguage\":\"en-US\"},{\"@type\":\"Organization\",\"@id\":\"https:\/\/polvamaa.metsauhistu.ee\/en\/#organization\",\"name\":\"P\u00f5lvamaa Metsa\u00fchistu\",\"url\":\"https:\/\/polvamaa.metsauhistu.ee\/en\/\",\"logo\":{\"@type\":\"ImageObject\",\"inLanguage\":\"en-US\",\"@id\":\"https:\/\/polvamaa.metsauhistu.ee\/en\/#\/schema\/logo\/image\/\",\"url\":\"https:\/\/polvamaa.metsauhistu.ee\/wp-content\/uploads\/sites\/3\/2024\/07\/MU_Polvamaa_logo_colour.png\",\"contentUrl\":\"https:\/\/polvamaa.metsauhistu.ee\/wp-content\/uploads\/sites\/3\/2024\/07\/MU_Polvamaa_logo_colour.png\",\"width\":995,\"height\":195,\"caption\":\"P\u00f5lvamaa Metsa\u00fchistu\"},\"image\":{\"@id\":\"https:\/\/polvamaa.metsauhistu.ee\/en\/#\/schema\/logo\/image\/\"},\"sameAs\":[\"https:\/\/www.facebook.com\/polvamaa.metsauhistu\",\"https:\/\/www.instagram.com\/metsauhistu\/\",\"https:\/\/www.youtube.com\/@metsauhistu6878\"]}]}<\/script>\n<!-- \/ Yoast SEO plugin. -->","yoast_head_json":{"title":"Home page - P\u00f5lvamaa Metsa\u00fchistu","robots":{"index":"index","follow":"follow","max-snippet":"max-snippet:-1","max-image-preview":"max-image-preview:large","max-video-preview":"max-video-preview:-1"},"canonical":"https:\/\/polvamaa.metsauhistu.ee\/en\/","og_locale":"en_US","og_type":"article","og_title":"Home page - P\u00f5lvamaa Metsa\u00fchistu","og_description":"We are always there for you and your forest Forest Owners\u2019 Associations are set up by forest owners to help you find answers. We support better management of private forests \u2013 our employees will keep an eye on your forest, inform you about opportunities to apply for subsidies, help you organise your forest work, and &hellip; J\u00e4tkub","og_url":"https:\/\/polvamaa.metsauhistu.ee\/en\/","og_site_name":"P\u00f5lvamaa Metsa\u00fchistu","article_publisher":"https:\/\/www.facebook.com\/polvamaa.metsauhistu","article_modified_time":"2025-12-19T06:17:43+00:00","og_image":[{"url":"http:\/\/metsauhistu.ee\/wp-content\/uploads\/2020\/06\/mark1.svg"}],"twitter_card":"summary_large_image","twitter_misc":{"Est. reading time":"3 minutes"},"schema":{"@context":"https:\/\/schema.org","@graph":[{"@type":"WebPage","@id":"https:\/\/polvamaa.metsauhistu.ee\/en\/","url":"https:\/\/polvamaa.metsauhistu.ee\/en\/","name":"Home page - P\u00f5lvamaa Metsa\u00fchistu","isPartOf":{"@id":"https:\/\/polvamaa.metsauhistu.ee\/en\/#website"},"primaryImageOfPage":{"@id":"https:\/\/polvamaa.metsauhistu.ee\/en\/#primaryimage"},"image":{"@id":"https:\/\/polvamaa.metsauhistu.ee\/en\/#primaryimage"},"thumbnailUrl":"http:\/\/metsauhistu.ee\/wp-content\/uploads\/2020\/06\/mark1.svg","datePublished":"2023-10-27T09:21:49+00:00","dateModified":"2025-12-19T06:17:43+00:00","breadcrumb":{"@id":"https:\/\/polvamaa.metsauhistu.ee\/en\/#breadcrumb"},"inLanguage":"en-US","potentialAction":[{"@type":"ReadAction","target":["https:\/\/polvamaa.metsauhistu.ee\/en\/"]}]},{"@type":"ImageObject","inLanguage":"en-US","@id":"https:\/\/polvamaa.metsauhistu.ee\/en\/#primaryimage","url":"http:\/\/metsauhistu.ee\/wp-content\/uploads\/2020\/06\/mark1.svg","contentUrl":"http:\/\/metsauhistu.ee\/wp-content\/uploads\/2020\/06\/mark1.svg"},{"@type":"BreadcrumbList","@id":"https:\/\/polvamaa.metsauhistu.ee\/en\/#breadcrumb","itemListElement":[{"@type":"ListItem","position":1,"name":"Home","item":"https:\/\/polvamaa.metsauhistu.ee\/en\/"},{"@type":"ListItem","position":2,"name":"Home page"}]},{"@type":"WebSite","@id":"https:\/\/polvamaa.metsauhistu.ee\/en\/#website","url":"https:\/\/polvamaa.metsauhistu.ee\/en\/","name":"P\u00f5lvamaa Metsa\u00fchistu","description":"Majandame metsa \u00fcheskoos vastutustundlikult","publisher":{"@id":"https:\/\/polvamaa.metsauhistu.ee\/en\/#organization"},"potentialAction":[{"@type":"SearchAction","target":{"@type":"EntryPoint","urlTemplate":"https:\/\/polvamaa.metsauhistu.ee\/en\/?s={search_term_string}"},"query-input":"required name=search_term_string"}],"inLanguage":"en-US"},{"@type":"Organization","@id":"https:\/\/polvamaa.metsauhistu.ee\/en\/#organization","name":"P\u00f5lvamaa Metsa\u00fchistu","url":"https:\/\/polvamaa.metsauhistu.ee\/en\/","logo":{"@type":"ImageObject","inLanguage":"en-US","@id":"https:\/\/polvamaa.metsauhistu.ee\/en\/#\/schema\/logo\/image\/","url":"https:\/\/polvamaa.metsauhistu.ee\/wp-content\/uploads\/sites\/3\/2024\/07\/MU_Polvamaa_logo_colour.png","contentUrl":"https:\/\/polvamaa.metsauhistu.ee\/wp-content\/uploads\/sites\/3\/2024\/07\/MU_Polvamaa_logo_colour.png","width":995,"height":195,"caption":"P\u00f5lvamaa Metsa\u00fchistu"},"image":{"@id":"https:\/\/polvamaa.metsauhistu.ee\/en\/#\/schema\/logo\/image\/"},"sameAs":["https:\/\/www.facebook.com\/polvamaa.metsauhistu","https:\/\/www.instagram.com\/metsauhistu\/","https:\/\/www.youtube.com\/@metsauhistu6878"]}]}},"_links":{"self":[{"href":"https:\/\/polvamaa.metsauhistu.ee\/en\/wp-json\/wp\/v2\/pages\/19701"}],"collection":[{"href":"https:\/\/polvamaa.metsauhistu.ee\/en\/wp-json\/wp\/v2\/pages"}],"about":[{"href":"https:\/\/polvamaa.metsauhistu.ee\/en\/wp-json\/wp\/v2\/types\/page"}],"author":[{"embeddable":true,"href":"https:\/\/polvamaa.metsauhistu.ee\/en\/wp-json\/wp\/v2\/users\/3"}],"replies":[{"embeddable":true,"href":"https:\/\/polvamaa.metsauhistu.ee\/en\/wp-json\/wp\/v2\/comments?post=19701"}],"version-history":[{"count":13,"href":"https:\/\/polvamaa.metsauhistu.ee\/en\/wp-json\/wp\/v2\/pages\/19701\/revisions"}],"predecessor-version":[{"id":20701,"href":"https:\/\/polvamaa.metsauhistu.ee\/en\/wp-json\/wp\/v2\/pages\/19701\/revisions\/20701"}],"wp:attachment":[{"href":"https:\/\/polvamaa.metsauhistu.ee\/en\/wp-json\/wp\/v2\/media?parent=19701"}],"curies":[{"name":"wp","href":"https:\/\/api.w.org\/{rel}","templated":true}]}}