{"id":19714,"date":"2023-10-27T11:28:21","date_gmt":"2023-10-27T09:28:21","guid":{"rendered":"https:\/\/polvamaa.metsauhistu.ee\/?page_id=19714"},"modified":"2025-06-27T10:44:39","modified_gmt":"2025-06-27T08:44:39","slug":"contacts","status":"publish","type":"page","link":"https:\/\/polvamaa.metsauhistu.ee\/en\/contacts\/","title":{"rendered":"Contacts"},"content":{"rendered":"\n<div class=\"wp-block-group kontakt-google-maps\"><div class=\"wp-block-group__inner-container is-layout-flow wp-block-group-is-layout-flow\">\n<div class=\"wp-block-columns is-layout-flex wp-container-core-columns-is-layout-1 wp-block-columns-is-layout-flex\">\n<div class=\"wp-block-column is-layout-flow wp-block-column-is-layout-flow\" style=\"flex-basis:40%\">\n<div style=\"height:40px\" aria-hidden=\"true\" class=\"wp-block-spacer\"><\/div>\n\n\n\n<figure class=\"wp-block-image size-large is-resized\"><img loading=\"lazy\" decoding=\"async\" src=\"http:\/\/polvamaa.metsauhistu.ee\/wp-content\/uploads\/sites\/3\/2020\/06\/MU\u0308_Po\u0303lvamaa_logo_colour.svg\" alt=\"P\u00f5lvamaa Metsa\u00fchistu\" class=\"wp-image-14950\" width=\"300\" height=\"32\"><\/figure>\n\n\n\n<div style=\"height:20px\" aria-hidden=\"true\" class=\"wp-block-spacer\"><\/div>\n\n\n\n<p><strong>P\u00f5lvamaa Metsa\u00fchistu MT\u00dc<\/strong><\/p>\n\n\n\n<p><strong>Address: <\/strong>Kase 2, P\u00f5lva<\/p>\n\n\n\n<p>Opening hours:<br>Mon-Thu: 8:30-16:00<br>Fri: 8:30-12:00<br><\/p>\n\n\n\n<p><strong>Phone:<\/strong> +372 799 2515<br><strong>E-mail: <a href=\"mailto:polvamaa@metsauhistu.ee\">polvamaa@metsauhistu.ee<\/a><\/strong><br><strong>FB:<\/strong> <strong><a href=\"https:\/\/www.facebook.com\/polvamaa.metsauhistu\" target=\"_blank\" rel=\"noreferrer noopener\">facebook.com\/polvamaa.metsauhistu<\/a><\/strong><\/p>\n\n\n\n<p><strong>Requisites:<\/strong><br>Registry code: 80129328<br>KMKR No: EE101411640<br>SEB: EE801010220012863018<\/p>\n<\/div>\n\n\n\n<div class=\"wp-block-column is-layout-flow wp-block-column-is-layout-flow\">\n<div style=\"height:40px\" aria-hidden=\"true\" class=\"wp-block-spacer\"><\/div>\n\n\n<style>\n    .google-maps-init {\n        display: block;\n        width: 100%;\n        height: 40rem;\n    }\n<\/style>\n<div class=\"gmaps\">\n    <div id=\"google_maps_69df6f99e0046\" class=\"google-maps-init\"><\/div>\n<\/div>\n<script>\n    (function () {\n        if (document.readyState === 'complete') {\n            initMap();\n        }\n\n        const interval = setInterval(function () {\n            if (document.readyState === 'complete') {\n                clearInterval(interval);\n                initMap();\n            }\n        }, 100);\n\n        function initMap() {\n            GoogleMapsLoader.init(function () {\n                const mapEl     = document.getElementById('google_maps_69df6f99e0046');\n                const x         = 58.064993;\n                const y         = 27.069615;\n                const mapCenter = new google.maps.LatLng(x, y);\n                const map       = new google.maps.Map(mapEl, {\n                    center: mapCenter,\n                    disableDefaultUI: true,\n                    zoomControl: true,\n                    fullscreenControl: true,\n                    zoom: 16,\n                    styles: [\n                        {\n                            \"elementType\": \"labels.icon\",\n                            \"stylers\": [\n                                {\n                                    \"visibility\": \"off\"\n                                }\n                            ]\n                        },\n                    ]\n                });\n\n                new google.maps.Marker({\n                    position: mapCenter,\n                    map: map,\n                    disableDefaultUI: true,\n                    icon: {\n                        \/\/todo: vaheta see v\u00e4lja peale LIVE panekut.\n                        url: '\/wp-content\/themes\/metsauhistu\/dist\/images\/pin.svg',\n                        origin: new google.maps.Point(0, 0)\n                    },\n                });\n            });\n        }\n    })();\n<\/script>\n\n<\/div>\n<\/div>\n<\/div><\/div>\n\n\n\n<div class=\"wp-block-columns is-layout-flex wp-container-core-columns-is-layout-2 wp-block-columns-is-layout-flex\">\n<div class=\"wp-block-column is-layout-flow wp-block-column-is-layout-flow\">\n<div class=\"wp-block-group kontakti-kaart\"><div class=\"wp-block-group__inner-container is-layout-flow wp-block-group-is-layout-flow\">\n<figure class=\"wp-block-image size-large\"><img loading=\"lazy\" decoding=\"async\" width=\"892\" height=\"594\" src=\"http:\/\/polvamaa.metsauhistu.ee\/wp-content\/uploads\/sites\/3\/2020\/11\/maire-lohmus-sektretar-polvamaa-metsauhistu.jpg\" alt=\"\" class=\"wp-image-15018\" srcset=\"https:\/\/polvamaa.metsauhistu.ee\/wp-content\/uploads\/sites\/3\/2020\/11\/maire-lohmus-sektretar-polvamaa-metsauhistu.jpg 892w, https:\/\/polvamaa.metsauhistu.ee\/wp-content\/uploads\/sites\/3\/2020\/11\/maire-lohmus-sektretar-polvamaa-metsauhistu-300x200.jpg 300w, https:\/\/polvamaa.metsauhistu.ee\/wp-content\/uploads\/sites\/3\/2020\/11\/maire-lohmus-sektretar-polvamaa-metsauhistu-768x511.jpg 768w\" sizes=\"(max-width: 892px) 100vw, 892px\" \/><\/figure>\n\n\n\n<h4 class=\"wp-block-heading\">Maire L\u00f5hmus<\/h4>\n\n\n\n<p class=\"has-small-font-size\"><em>Secretary<br>Subsidies<\/em><\/p>\n\n\n\n<p>+372 7992 515<\/p>\n\n\n\n<p><strong><a href=\"mailto:polvamaa@metsauhistu.ee\">polvamaa@metsauhistu.ee<\/a><\/strong><\/p>\n<\/div><\/div>\n\n\n\n<p><\/p>\n<\/div>\n\n\n\n<div class=\"wp-block-column is-layout-flow wp-block-column-is-layout-flow\">\n<div class=\"wp-block-group kontakti-kaart\"><div class=\"wp-block-group__inner-container is-layout-flow wp-block-group-is-layout-flow\">\n<figure class=\"wp-block-image size-large\"><img loading=\"lazy\" decoding=\"async\" width=\"892\" height=\"594\" src=\"http:\/\/polvamaa.metsauhistu.ee\/wp-content\/uploads\/sites\/3\/2020\/09\/erki-vinni-polvamaa-metsauhistu.jpg\" alt=\"Erki Vinni. P\u00f5lvamaa Metsa\u00fchistu\" class=\"wp-image-14942\" srcset=\"https:\/\/polvamaa.metsauhistu.ee\/wp-content\/uploads\/sites\/3\/2020\/09\/erki-vinni-polvamaa-metsauhistu.jpg 892w, https:\/\/polvamaa.metsauhistu.ee\/wp-content\/uploads\/sites\/3\/2020\/09\/erki-vinni-polvamaa-metsauhistu-300x200.jpg 300w, https:\/\/polvamaa.metsauhistu.ee\/wp-content\/uploads\/sites\/3\/2020\/09\/erki-vinni-polvamaa-metsauhistu-768x511.jpg 768w\" sizes=\"(max-width: 892px) 100vw, 892px\" \/><\/figure>\n\n\n\n<h4 class=\"wp-block-heading\">Erki Vinni<\/h4>\n\n\n\n<p class=\"has-small-font-size\"><em>Forestry consultant &amp; Board Member<br>Forestry work<\/em><\/p>\n\n\n\n<p>+372 5144 514<\/p>\n\n\n\n<p><strong><a href=\"mailto:erki.vinni@metsauhistu.ee\">erki.vinni@metsauhistu.ee<\/a><\/strong><\/p>\n<\/div><\/div>\n\n\n\n<p><\/p>\n<\/div>\n\n\n\n<div class=\"wp-block-column is-layout-flow wp-block-column-is-layout-flow\">\n<div class=\"wp-block-group kontakti-kaart\"><div class=\"wp-block-group__inner-container is-layout-flow wp-block-group-is-layout-flow\">\n<figure class=\"wp-block-image size-large\"><img loading=\"lazy\" decoding=\"async\" width=\"892\" height=\"594\" src=\"http:\/\/polvamaa.metsauhistu.ee\/wp-content\/uploads\/sites\/3\/2020\/09\/alvar-mattus-polvamaa-metsauhistu.jpg\" alt=\"Alvar Mattus. P\u00f5lvamaa Metsa\u00fchistu\" class=\"wp-image-14943\" srcset=\"https:\/\/polvamaa.metsauhistu.ee\/wp-content\/uploads\/sites\/3\/2020\/09\/alvar-mattus-polvamaa-metsauhistu.jpg 892w, https:\/\/polvamaa.metsauhistu.ee\/wp-content\/uploads\/sites\/3\/2020\/09\/alvar-mattus-polvamaa-metsauhistu-300x200.jpg 300w, https:\/\/polvamaa.metsauhistu.ee\/wp-content\/uploads\/sites\/3\/2020\/09\/alvar-mattus-polvamaa-metsauhistu-768x511.jpg 768w\" sizes=\"(max-width: 892px) 100vw, 892px\" \/><\/figure>\n\n\n\n<h4 class=\"wp-block-heading\">Alvar Mattus<\/h4>\n\n\n\n<p class=\"has-small-font-size\"><em>Forester<br>Forestry work<\/em><\/p>\n\n\n\n<p>+372 5373 9661<\/p>\n\n\n\n<p><strong><a href=\"mailto:alvar.mattus@metsauhistu.ee\">alvar.mattus@metsauhistu.ee<\/a><\/strong><\/p>\n<\/div><\/div>\n<\/div>\n<\/div>\n\n\n\n<div class=\"wp-block-columns is-layout-flex wp-container-core-columns-is-layout-3 wp-block-columns-is-layout-flex\">\n<div class=\"wp-block-column is-layout-flow wp-block-column-is-layout-flow\">\n<div class=\"wp-block-group kontakti-kaart\"><div class=\"wp-block-group__inner-container is-layout-flow wp-block-group-is-layout-flow\">\n<figure class=\"wp-block-image size-large\"><img loading=\"lazy\" decoding=\"async\" width=\"892\" height=\"594\" src=\"https:\/\/polvamaa.metsauhistu.ee\/wp-content\/uploads\/sites\/3\/2023\/02\/metsauhistu-kontakt-m-892x594-1.jpeg\" alt=\"Metsa\u00fchistu kontakt\" class=\"wp-image-19425\" srcset=\"https:\/\/polvamaa.metsauhistu.ee\/wp-content\/uploads\/sites\/3\/2023\/02\/metsauhistu-kontakt-m-892x594-1.jpeg 892w, https:\/\/polvamaa.metsauhistu.ee\/wp-content\/uploads\/sites\/3\/2023\/02\/metsauhistu-kontakt-m-892x594-1-300x200.jpeg 300w, https:\/\/polvamaa.metsauhistu.ee\/wp-content\/uploads\/sites\/3\/2023\/02\/metsauhistu-kontakt-m-892x594-1-768x511.jpeg 768w\" sizes=\"(max-width: 892px) 100vw, 892px\" \/><\/figure>\n\n\n\n<h4 class=\"wp-block-heading\">Merly Piir<\/h4>\n\n\n\n<p class=\"has-small-font-size\"><em>Forester<br>Forestry work<\/em><\/p>\n\n\n\n<p>+372 5307 8851<\/p>\n\n\n\n<p><a href=\"mailto:merly.piir@metsauhistu.ee\"><strong>merly.piir@metsauhistu.ee<\/strong><\/a><\/p>\n<\/div><\/div>\n\n\n\n<p><\/p>\n<\/div>\n\n\n\n<div class=\"wp-block-column is-layout-flow wp-block-column-is-layout-flow\">\n<div class=\"wp-block-group kontakti-kaart\"><div class=\"wp-block-group__inner-container is-layout-flow wp-block-group-is-layout-flow\">\n<figure class=\"wp-block-image size-large\"><img loading=\"lazy\" decoding=\"async\" width=\"892\" height=\"594\" src=\"https:\/\/polvamaa.metsauhistu.ee\/wp-content\/uploads\/sites\/3\/2023\/02\/metsauhistu-kontakt-m-892x594-1.jpeg\" alt=\"Metsa\u00fchistu kontakt\" class=\"wp-image-19425\" srcset=\"https:\/\/polvamaa.metsauhistu.ee\/wp-content\/uploads\/sites\/3\/2023\/02\/metsauhistu-kontakt-m-892x594-1.jpeg 892w, https:\/\/polvamaa.metsauhistu.ee\/wp-content\/uploads\/sites\/3\/2023\/02\/metsauhistu-kontakt-m-892x594-1-300x200.jpeg 300w, https:\/\/polvamaa.metsauhistu.ee\/wp-content\/uploads\/sites\/3\/2023\/02\/metsauhistu-kontakt-m-892x594-1-768x511.jpeg 768w\" sizes=\"(max-width: 892px) 100vw, 892px\" \/><\/figure>\n\n\n\n<h4 class=\"wp-block-heading\">Tiina Mitt<\/h4>\n\n\n\n<p class=\"has-small-font-size\"><em>Consultant<br>Legal advise<\/em><\/p>\n\n\n\n<p>+372 5370 0177<\/p>\n\n\n\n<p><strong><a href=\"mailto:tiina.mitt@metsauhistu.ee\">tiina.mitt@metsauhistu.ee<\/a><\/strong><\/p>\n<\/div><\/div>\n\n\n\n<p><\/p>\n<\/div>\n\n\n\n<div class=\"wp-block-column is-layout-flow wp-block-column-is-layout-flow\">\n<div class=\"wp-block-group kontakti-kaart\"><div class=\"wp-block-group__inner-container is-layout-flow wp-block-group-is-layout-flow\">\n<figure class=\"wp-block-image size-large\"><img loading=\"lazy\" decoding=\"async\" width=\"892\" height=\"594\" src=\"https:\/\/polvamaa.metsauhistu.ee\/wp-content\/uploads\/sites\/3\/2020\/09\/tarmo-lees-polvamaa-metsauhistu.jpg\" alt=\"Tarmo Lees. P\u00f5lvamaa Metsa\u00fchistu\" class=\"wp-image-14940\" srcset=\"https:\/\/polvamaa.metsauhistu.ee\/wp-content\/uploads\/sites\/3\/2020\/09\/tarmo-lees-polvamaa-metsauhistu.jpg 892w, https:\/\/polvamaa.metsauhistu.ee\/wp-content\/uploads\/sites\/3\/2020\/09\/tarmo-lees-polvamaa-metsauhistu-300x200.jpg 300w, https:\/\/polvamaa.metsauhistu.ee\/wp-content\/uploads\/sites\/3\/2020\/09\/tarmo-lees-polvamaa-metsauhistu-768x511.jpg 768w\" sizes=\"(max-width: 892px) 100vw, 892px\" \/><\/figure>\n\n\n\n<h4 class=\"wp-block-heading\">Tarmo Lees<\/h4>\n\n\n\n<p class=\"has-small-font-size\"><em>Board Member<br>General management<\/em><\/p>\n\n\n\n<p>+372 5300 3334<\/p>\n\n\n\n<p><strong><a href=\"mailto:tarmo.lees@metsauhistu.ee\">tarmo.lees@metsauhistu.ee<\/a><\/strong><\/p>\n<\/div><\/div>\n\n\n\n<p><\/p>\n<\/div>\n<\/div>\n","protected":false},"excerpt":{"rendered":"<p>P\u00f5lvamaa Metsa\u00fchistu MT\u00dc Address: Kase 2, P\u00f5lva Opening hours:Mon-Thu: 8:30-16:00Fri: 8:30-12:00 Phone: +372 799 2515E-mail: polvamaa@metsauhistu.eeFB: facebook.com\/polvamaa.metsauhistu Requisites:Registry code: 80129328KMKR No: EE101411640SEB: EE801010220012863018 Maire L\u00f5hmus SecretarySubsidies +372 7992 515 polvamaa@metsauhistu.ee Erki Vinni Forestry consultant &amp; Board MemberForestry work +372 5144 514 erki.vinni@metsauhistu.ee Alvar Mattus ForesterForestry work +372 5373 9661 alvar.mattus@metsauhistu.ee Merly Piir ForesterForestry work +372 &hellip; <a href=\"https:\/\/polvamaa.metsauhistu.ee\/en\/contacts\/\">J\u00e4tkub<\/a><\/p>\n","protected":false},"author":3,"featured_media":0,"parent":0,"menu_order":44,"comment_status":"closed","ping_status":"closed","template":"template-custom.php","meta":{"inline_featured_image":false,"_lmt_disableupdate":"","_lmt_disable":"","_themeisle_gutenberg_block_has_review":false,"footnotes":""},"class_list":["post-19714","page","type-page","status-publish","hentry"],"acf":{"post_custom_id":"","image":false,"peida_otsingus":false},"yoast_head":"<!-- This site is optimized with the Yoast SEO plugin v23.3 - https:\/\/yoast.com\/wordpress\/plugins\/seo\/ -->\n<title>Contacts - P\u00f5lvamaa Metsa\u00fchistu<\/title>\n<meta name=\"robots\" content=\"index, follow, max-snippet:-1, max-image-preview:large, max-video-preview:-1\" \/>\n<link rel=\"canonical\" href=\"https:\/\/polvamaa.metsauhistu.ee\/en\/contacts\/\" \/>\n<meta property=\"og:locale\" content=\"en_US\" \/>\n<meta property=\"og:type\" content=\"article\" \/>\n<meta property=\"og:title\" content=\"Contacts - P\u00f5lvamaa Metsa\u00fchistu\" \/>\n<meta property=\"og:description\" content=\"P\u00f5lvamaa Metsa\u00fchistu MT\u00dc Address: Kase 2, P\u00f5lva Opening hours:Mon-Thu: 8:30-16:00Fri: 8:30-12:00 Phone: +372 799 2515E-mail: polvamaa@metsauhistu.eeFB: facebook.com\/polvamaa.metsauhistu Requisites:Registry code: 80129328KMKR No: EE101411640SEB: EE801010220012863018 Maire L\u00f5hmus SecretarySubsidies +372 7992 515 polvamaa@metsauhistu.ee Erki Vinni Forestry consultant &amp; Board MemberForestry work +372 5144 514 erki.vinni@metsauhistu.ee Alvar Mattus ForesterForestry work +372 5373 9661 alvar.mattus@metsauhistu.ee Merly Piir ForesterForestry work +372 &hellip; J\u00e4tkub\" \/>\n<meta property=\"og:url\" content=\"https:\/\/polvamaa.metsauhistu.ee\/en\/contacts\/\" \/>\n<meta property=\"og:site_name\" content=\"P\u00f5lvamaa Metsa\u00fchistu\" \/>\n<meta property=\"article:publisher\" content=\"https:\/\/www.facebook.com\/polvamaa.metsauhistu\" \/>\n<meta property=\"article:modified_time\" content=\"2025-06-27T08:44:39+00:00\" \/>\n<meta property=\"og:image\" content=\"http:\/\/polvamaa.metsauhistu.ee\/wp-content\/uploads\/sites\/3\/2020\/11\/maire-lohmus-sektretar-polvamaa-metsauhistu.jpg\" \/>\n<meta name=\"twitter:card\" content=\"summary_large_image\" \/>\n<meta name=\"twitter:label1\" content=\"Est. reading time\" \/>\n\t<meta name=\"twitter:data1\" content=\"2 minutes\" \/>\n<script type=\"application\/ld+json\" class=\"yoast-schema-graph\">{\"@context\":\"https:\/\/schema.org\",\"@graph\":[{\"@type\":\"WebPage\",\"@id\":\"https:\/\/polvamaa.metsauhistu.ee\/en\/contacts\/\",\"url\":\"https:\/\/polvamaa.metsauhistu.ee\/en\/contacts\/\",\"name\":\"Contacts - P\u00f5lvamaa Metsa\u00fchistu\",\"isPartOf\":{\"@id\":\"https:\/\/polvamaa.metsauhistu.ee\/en\/#website\"},\"primaryImageOfPage\":{\"@id\":\"https:\/\/polvamaa.metsauhistu.ee\/en\/contacts\/#primaryimage\"},\"image\":{\"@id\":\"https:\/\/polvamaa.metsauhistu.ee\/en\/contacts\/#primaryimage\"},\"thumbnailUrl\":\"http:\/\/polvamaa.metsauhistu.ee\/wp-content\/uploads\/sites\/3\/2020\/11\/maire-lohmus-sektretar-polvamaa-metsauhistu.jpg\",\"datePublished\":\"2023-10-27T09:28:21+00:00\",\"dateModified\":\"2025-06-27T08:44:39+00:00\",\"breadcrumb\":{\"@id\":\"https:\/\/polvamaa.metsauhistu.ee\/en\/contacts\/#breadcrumb\"},\"inLanguage\":\"en-US\",\"potentialAction\":[{\"@type\":\"ReadAction\",\"target\":[\"https:\/\/polvamaa.metsauhistu.ee\/en\/contacts\/\"]}]},{\"@type\":\"ImageObject\",\"inLanguage\":\"en-US\",\"@id\":\"https:\/\/polvamaa.metsauhistu.ee\/en\/contacts\/#primaryimage\",\"url\":\"http:\/\/polvamaa.metsauhistu.ee\/wp-content\/uploads\/sites\/3\/2020\/11\/maire-lohmus-sektretar-polvamaa-metsauhistu.jpg\",\"contentUrl\":\"http:\/\/polvamaa.metsauhistu.ee\/wp-content\/uploads\/sites\/3\/2020\/11\/maire-lohmus-sektretar-polvamaa-metsauhistu.jpg\"},{\"@type\":\"BreadcrumbList\",\"@id\":\"https:\/\/polvamaa.metsauhistu.ee\/en\/contacts\/#breadcrumb\",\"itemListElement\":[{\"@type\":\"ListItem\",\"position\":1,\"name\":\"Home\",\"item\":\"https:\/\/polvamaa.metsauhistu.ee\/en\/\"},{\"@type\":\"ListItem\",\"position\":2,\"name\":\"Contacts\"}]},{\"@type\":\"WebSite\",\"@id\":\"https:\/\/polvamaa.metsauhistu.ee\/en\/#website\",\"url\":\"https:\/\/polvamaa.metsauhistu.ee\/en\/\",\"name\":\"P\u00f5lvamaa Metsa\u00fchistu\",\"description\":\"Majandame metsa \u00fcheskoos vastutustundlikult\",\"publisher\":{\"@id\":\"https:\/\/polvamaa.metsauhistu.ee\/en\/#organization\"},\"potentialAction\":[{\"@type\":\"SearchAction\",\"target\":{\"@type\":\"EntryPoint\",\"urlTemplate\":\"https:\/\/polvamaa.metsauhistu.ee\/en\/?s={search_term_string}\"},\"query-input\":\"required name=search_term_string\"}],\"inLanguage\":\"en-US\"},{\"@type\":\"Organization\",\"@id\":\"https:\/\/polvamaa.metsauhistu.ee\/en\/#organization\",\"name\":\"P\u00f5lvamaa Metsa\u00fchistu\",\"url\":\"https:\/\/polvamaa.metsauhistu.ee\/en\/\",\"logo\":{\"@type\":\"ImageObject\",\"inLanguage\":\"en-US\",\"@id\":\"https:\/\/polvamaa.metsauhistu.ee\/en\/#\/schema\/logo\/image\/\",\"url\":\"https:\/\/polvamaa.metsauhistu.ee\/wp-content\/uploads\/sites\/3\/2024\/07\/MU_Polvamaa_logo_colour.png\",\"contentUrl\":\"https:\/\/polvamaa.metsauhistu.ee\/wp-content\/uploads\/sites\/3\/2024\/07\/MU_Polvamaa_logo_colour.png\",\"width\":995,\"height\":195,\"caption\":\"P\u00f5lvamaa Metsa\u00fchistu\"},\"image\":{\"@id\":\"https:\/\/polvamaa.metsauhistu.ee\/en\/#\/schema\/logo\/image\/\"},\"sameAs\":[\"https:\/\/www.facebook.com\/polvamaa.metsauhistu\",\"https:\/\/www.instagram.com\/metsauhistu\/\",\"https:\/\/www.youtube.com\/@metsauhistu6878\"]}]}<\/script>\n<!-- \/ Yoast SEO plugin. -->","yoast_head_json":{"title":"Contacts - P\u00f5lvamaa Metsa\u00fchistu","robots":{"index":"index","follow":"follow","max-snippet":"max-snippet:-1","max-image-preview":"max-image-preview:large","max-video-preview":"max-video-preview:-1"},"canonical":"https:\/\/polvamaa.metsauhistu.ee\/en\/contacts\/","og_locale":"en_US","og_type":"article","og_title":"Contacts - P\u00f5lvamaa Metsa\u00fchistu","og_description":"P\u00f5lvamaa Metsa\u00fchistu MT\u00dc Address: Kase 2, P\u00f5lva Opening hours:Mon-Thu: 8:30-16:00Fri: 8:30-12:00 Phone: +372 799 2515E-mail: polvamaa@metsauhistu.eeFB: facebook.com\/polvamaa.metsauhistu Requisites:Registry code: 80129328KMKR No: EE101411640SEB: EE801010220012863018 Maire L\u00f5hmus SecretarySubsidies +372 7992 515 polvamaa@metsauhistu.ee Erki Vinni Forestry consultant &amp; Board MemberForestry work +372 5144 514 erki.vinni@metsauhistu.ee Alvar Mattus ForesterForestry work +372 5373 9661 alvar.mattus@metsauhistu.ee Merly Piir ForesterForestry work +372 &hellip; J\u00e4tkub","og_url":"https:\/\/polvamaa.metsauhistu.ee\/en\/contacts\/","og_site_name":"P\u00f5lvamaa Metsa\u00fchistu","article_publisher":"https:\/\/www.facebook.com\/polvamaa.metsauhistu","article_modified_time":"2025-06-27T08:44:39+00:00","og_image":[{"url":"http:\/\/polvamaa.metsauhistu.ee\/wp-content\/uploads\/sites\/3\/2020\/11\/maire-lohmus-sektretar-polvamaa-metsauhistu.jpg"}],"twitter_card":"summary_large_image","twitter_misc":{"Est. reading time":"2 minutes"},"schema":{"@context":"https:\/\/schema.org","@graph":[{"@type":"WebPage","@id":"https:\/\/polvamaa.metsauhistu.ee\/en\/contacts\/","url":"https:\/\/polvamaa.metsauhistu.ee\/en\/contacts\/","name":"Contacts - P\u00f5lvamaa Metsa\u00fchistu","isPartOf":{"@id":"https:\/\/polvamaa.metsauhistu.ee\/en\/#website"},"primaryImageOfPage":{"@id":"https:\/\/polvamaa.metsauhistu.ee\/en\/contacts\/#primaryimage"},"image":{"@id":"https:\/\/polvamaa.metsauhistu.ee\/en\/contacts\/#primaryimage"},"thumbnailUrl":"http:\/\/polvamaa.metsauhistu.ee\/wp-content\/uploads\/sites\/3\/2020\/11\/maire-lohmus-sektretar-polvamaa-metsauhistu.jpg","datePublished":"2023-10-27T09:28:21+00:00","dateModified":"2025-06-27T08:44:39+00:00","breadcrumb":{"@id":"https:\/\/polvamaa.metsauhistu.ee\/en\/contacts\/#breadcrumb"},"inLanguage":"en-US","potentialAction":[{"@type":"ReadAction","target":["https:\/\/polvamaa.metsauhistu.ee\/en\/contacts\/"]}]},{"@type":"ImageObject","inLanguage":"en-US","@id":"https:\/\/polvamaa.metsauhistu.ee\/en\/contacts\/#primaryimage","url":"http:\/\/polvamaa.metsauhistu.ee\/wp-content\/uploads\/sites\/3\/2020\/11\/maire-lohmus-sektretar-polvamaa-metsauhistu.jpg","contentUrl":"http:\/\/polvamaa.metsauhistu.ee\/wp-content\/uploads\/sites\/3\/2020\/11\/maire-lohmus-sektretar-polvamaa-metsauhistu.jpg"},{"@type":"BreadcrumbList","@id":"https:\/\/polvamaa.metsauhistu.ee\/en\/contacts\/#breadcrumb","itemListElement":[{"@type":"ListItem","position":1,"name":"Home","item":"https:\/\/polvamaa.metsauhistu.ee\/en\/"},{"@type":"ListItem","position":2,"name":"Contacts"}]},{"@type":"WebSite","@id":"https:\/\/polvamaa.metsauhistu.ee\/en\/#website","url":"https:\/\/polvamaa.metsauhistu.ee\/en\/","name":"P\u00f5lvamaa Metsa\u00fchistu","description":"Majandame metsa \u00fcheskoos vastutustundlikult","publisher":{"@id":"https:\/\/polvamaa.metsauhistu.ee\/en\/#organization"},"potentialAction":[{"@type":"SearchAction","target":{"@type":"EntryPoint","urlTemplate":"https:\/\/polvamaa.metsauhistu.ee\/en\/?s={search_term_string}"},"query-input":"required name=search_term_string"}],"inLanguage":"en-US"},{"@type":"Organization","@id":"https:\/\/polvamaa.metsauhistu.ee\/en\/#organization","name":"P\u00f5lvamaa Metsa\u00fchistu","url":"https:\/\/polvamaa.metsauhistu.ee\/en\/","logo":{"@type":"ImageObject","inLanguage":"en-US","@id":"https:\/\/polvamaa.metsauhistu.ee\/en\/#\/schema\/logo\/image\/","url":"https:\/\/polvamaa.metsauhistu.ee\/wp-content\/uploads\/sites\/3\/2024\/07\/MU_Polvamaa_logo_colour.png","contentUrl":"https:\/\/polvamaa.metsauhistu.ee\/wp-content\/uploads\/sites\/3\/2024\/07\/MU_Polvamaa_logo_colour.png","width":995,"height":195,"caption":"P\u00f5lvamaa Metsa\u00fchistu"},"image":{"@id":"https:\/\/polvamaa.metsauhistu.ee\/en\/#\/schema\/logo\/image\/"},"sameAs":["https:\/\/www.facebook.com\/polvamaa.metsauhistu","https:\/\/www.instagram.com\/metsauhistu\/","https:\/\/www.youtube.com\/@metsauhistu6878"]}]}},"_links":{"self":[{"href":"https:\/\/polvamaa.metsauhistu.ee\/en\/wp-json\/wp\/v2\/pages\/19714"}],"collection":[{"href":"https:\/\/polvamaa.metsauhistu.ee\/en\/wp-json\/wp\/v2\/pages"}],"about":[{"href":"https:\/\/polvamaa.metsauhistu.ee\/en\/wp-json\/wp\/v2\/types\/page"}],"author":[{"embeddable":true,"href":"https:\/\/polvamaa.metsauhistu.ee\/en\/wp-json\/wp\/v2\/users\/3"}],"replies":[{"embeddable":true,"href":"https:\/\/polvamaa.metsauhistu.ee\/en\/wp-json\/wp\/v2\/comments?post=19714"}],"version-history":[{"count":6,"href":"https:\/\/polvamaa.metsauhistu.ee\/en\/wp-json\/wp\/v2\/pages\/19714\/revisions"}],"predecessor-version":[{"id":20540,"href":"https:\/\/polvamaa.metsauhistu.ee\/en\/wp-json\/wp\/v2\/pages\/19714\/revisions\/20540"}],"wp:attachment":[{"href":"https:\/\/polvamaa.metsauhistu.ee\/en\/wp-json\/wp\/v2\/media?parent=19714"}],"curies":[{"name":"wp","href":"https:\/\/api.w.org\/{rel}","templated":true}]}}